{"id":226,"date":"2021-12-24T17:29:06","date_gmt":"2021-12-24T20:29:06","guid":{"rendered":"https:\/\/fmsolpeyrano.com\/?page_id=226"},"modified":"2022-01-21T17:39:17","modified_gmt":"2022-01-21T20:39:17","slug":"cobertura","status":"publish","type":"page","link":"https:\/\/fmsolpeyrano.com\/index.php\/cobertura\/","title":{"rendered":"Cobertura"},"content":{"rendered":"\t\t<div data-elementor-type=\"wp-page\" data-elementor-id=\"226\" class=\"elementor elementor-226\">\n\t\t\t\t\t\t<section class=\"elementor-section elementor-top-section elementor-element elementor-element-a7b8529 elementor-section-boxed elementor-section-height-default elementor-section-height-default\" data-id=\"a7b8529\" data-element_type=\"section\" data-e-type=\"section\">\n\t\t\t\t\t\t<div class=\"elementor-container elementor-column-gap-default\">\n\t\t\t\t\t<div class=\"elementor-column elementor-col-50 elementor-top-column elementor-element elementor-element-1292b0e\" data-id=\"1292b0e\" data-element_type=\"column\" data-e-type=\"column\">\n\t\t\t<div class=\"elementor-widget-wrap elementor-element-populated\">\n\t\t\t\t\t\t<div class=\"elementor-element elementor-element-cd05494 elementor-widget elementor-widget-heading\" data-id=\"cd05494\" data-element_type=\"widget\" data-e-type=\"widget\" data-widget_type=\"heading.default\">\n\t\t\t\t<div class=\"elementor-widget-container\">\n\t\t\t\t\t<h1 class=\"elementor-heading-title elementor-size-default\">Cobertura<\/h1>\t\t\t\t<\/div>\n\t\t\t\t<\/div>\n\t\t\t\t<div class=\"elementor-element elementor-element-84f9223 elementor-widget elementor-widget-image\" data-id=\"84f9223\" data-element_type=\"widget\" data-e-type=\"widget\" data-widget_type=\"image.default\">\n\t\t\t\t<div class=\"elementor-widget-container\">\n\t\t\t\t\t\t\t\t\t\t\t\t\t\t\t<img loading=\"lazy\" decoding=\"async\" width=\"410\" height=\"362\" src=\"https:\/\/fmsolpeyrano.com\/wp-content\/uploads\/2021\/12\/mapa-cobertura.jpg\" class=\"attachment-large size-large wp-image-116\" alt=\"\" \/>\t\t\t\t\t\t\t\t\t\t\t\t\t\t\t<\/div>\n\t\t\t\t<\/div>\n\t\t\t\t<div class=\"elementor-element elementor-element-49952fa elementor-widget elementor-widget-heading\" data-id=\"49952fa\" data-element_type=\"widget\" data-e-type=\"widget\" data-widget_type=\"heading.default\">\n\t\t\t\t<div class=\"elementor-widget-container\">\n\t\t\t\t\t<h2 class=\"elementor-heading-title elementor-size-default\">FM SOL: Cubre el sur de la Provincia de Santa Fe y norte de la Provincia de Buenos Aires.<\/h2>\t\t\t\t<\/div>\n\t\t\t\t<\/div>\n\t\t\t\t<div class=\"elementor-element elementor-element-40b8008 elementor-widget elementor-widget-heading\" data-id=\"40b8008\" data-element_type=\"widget\" data-e-type=\"widget\" data-widget_type=\"heading.default\">\n\t\t\t\t<div class=\"elementor-widget-container\">\n\t\t\t\t\t<h4 class=\"elementor-heading-title elementor-size-default\">Llegando a las siguientes localidades<\/h4>\t\t\t\t<\/div>\n\t\t\t\t<\/div>\n\t\t\t\t<div class=\"elementor-element elementor-element-103ee06 elementor-widget elementor-widget-heading\" data-id=\"103ee06\" data-element_type=\"widget\" data-e-type=\"widget\" data-widget_type=\"heading.default\">\n\t\t\t\t<div class=\"elementor-widget-container\">\n\t\t\t\t\t<h5 class=\"elementor-heading-title elementor-size-default\">En el Sur de la Provincia de Santa Fe<br>Santa Teresa - Pav\u00f3n Arriba - Acebal - Carreras - Alcorta - M\u00e1ximo Paz - Sargento Cabral - La Vanguardia - Juncal - Cepeda - Ca\u00f1ada Rica - J. B. Molina - Gral. Gelly<\/h5>\t\t\t\t<\/div>\n\t\t\t\t<\/div>\n\t\t\t\t<div class=\"elementor-element elementor-element-52853c8 elementor-widget elementor-widget-heading\" data-id=\"52853c8\" data-element_type=\"widget\" data-e-type=\"widget\" data-widget_type=\"heading.default\">\n\t\t\t\t<div class=\"elementor-widget-container\">\n\t\t\t\t\t<h5 class=\"elementor-heading-title elementor-size-default\">En el Norte de la Provincia de Buenos Aires<br>Arroyo del Medio - Pearson - El Socorro - Mariano Benitez<\/h5>\t\t\t\t<\/div>\n\t\t\t\t<\/div>\n\t\t\t\t\t<\/div>\n\t\t<\/div>\n\t\t\t\t<div class=\"elementor-column elementor-col-50 elementor-top-column elementor-element elementor-element-ef0c74b\" data-id=\"ef0c74b\" data-element_type=\"column\" data-e-type=\"column\">\n\t\t\t<div class=\"elementor-widget-wrap elementor-element-populated\">\n\t\t\t\t\t\t<div class=\"elementor-element elementor-element-3f83f75 elementor-widget-mobile__width-initial elementor-widget elementor-widget-sidebar\" data-id=\"3f83f75\" data-element_type=\"widget\" data-e-type=\"widget\" data-widget_type=\"sidebar.default\">\n\t\t\t\t<div class=\"elementor-widget-container\">\n\t\t\t\t\t<aside id=\"block-52\" class=\"widget widget_block widget_media_image\">\n<figure class=\"wp-block-image size-full\"><img loading=\"lazy\" decoding=\"async\" width=\"270\" height=\"151\" src=\"https:\/\/fmsolpeyrano.com\/wp-content\/uploads\/2022\/01\/120.png\" alt=\"\" class=\"wp-image-872\"\/><\/figure>\n<\/aside><aside id=\"block-59\" class=\"widget widget_block\"><!-- BEGINS: AUTO-GENERATED MUSES RADIO PLAYER CODE -->\n<script type=\"text\/javascript\" src=\"https:\/\/hosted.muses.org\/mrp.js\"><\/script>\n<script type=\"text\/javascript\">\nMRP.insert({\n'url':'https:\/\/radio01.ferozo.com\/proxy\/ra01000552?mp=\/stream',\n'lang':'es',\n'codec':'mp3',\n'volume':50,\n'autoplay':true,\n'forceHTML5':true,\n'jsevents':true,\n'buffering':0,\n'title':'FM SOL 88.7',\n'welcome':'Estas Escuchando...',\n'wmode':'transparent',\n'skin':'minimal',\n'width':220,\n'height':80\n});\n<\/script>\n<!-- ENDS: AUTO-GENERATED MUSES RADIO PLAYER CODE --><\/aside><aside id=\"block-608\" class=\"widget widget_block widget_media_image\">\n<figure class=\"wp-block-image size-full\"><img fetchpriority=\"high\" decoding=\"async\" fetchpriority=\"high\" width=\"270\" height=\"320\" src=\"https:\/\/fmsolpeyrano.com\/wp-content\/uploads\/2026\/02\/nuevo_comuna_cabral.jpg\" alt=\"\" class=\"wp-image-23048\" srcset=\"https:\/\/fmsolpeyrano.com\/wp-content\/uploads\/2026\/02\/nuevo_comuna_cabral.jpg 270w, https:\/\/fmsolpeyrano.com\/wp-content\/uploads\/2026\/02\/nuevo_comuna_cabral-253x300.jpg 253w\" sizes=\"(max-width: 270px) 100vw, 270px\" \/><\/figure>\n<\/aside><aside id=\"block-588\" class=\"widget widget_block widget_media_image\">\n<figure class=\"wp-block-image size-full\"><img loading=\"lazy\" decoding=\"async\" width=\"270\" height=\"320\" src=\"https:\/\/fmsolpeyrano.com\/wp-content\/uploads\/2026\/01\/NUEVA_COMUNA_PAVON.jpg\" alt=\"\" class=\"wp-image-22633\" srcset=\"https:\/\/fmsolpeyrano.com\/wp-content\/uploads\/2026\/01\/NUEVA_COMUNA_PAVON.jpg 270w, https:\/\/fmsolpeyrano.com\/wp-content\/uploads\/2026\/01\/NUEVA_COMUNA_PAVON-253x300.jpg 253w\" sizes=\"(max-width: 270px) 100vw, 270px\" \/><\/figure>\n<\/aside><aside id=\"block-604\" class=\"widget widget_block widget_media_image\">\n<figure class=\"wp-block-image size-full\"><img loading=\"lazy\" decoding=\"async\" loading=\"lazy\" width=\"270\" height=\"320\" src=\"https:\/\/fmsolpeyrano.com\/wp-content\/uploads\/2026\/02\/COMUNA_DE_CANADA_RICA.jpg\" alt=\"\" class=\"wp-image-23017\" srcset=\"https:\/\/fmsolpeyrano.com\/wp-content\/uploads\/2026\/02\/COMUNA_DE_CANADA_RICA.jpg 270w, https:\/\/fmsolpeyrano.com\/wp-content\/uploads\/2026\/02\/COMUNA_DE_CANADA_RICA-253x300.jpg 253w\" sizes=\"auto, (max-width: 270px) 100vw, 270px\" \/><\/figure>\n<\/aside><aside id=\"block-28\" class=\"widget widget_block widget_media_image\">\n<figure class=\"wp-block-image size-full\"><img loading=\"lazy\" decoding=\"async\" loading=\"lazy\" width=\"270\" height=\"320\" src=\"https:\/\/fmsolpeyrano.com\/wp-content\/uploads\/2022\/09\/PAULA-SERFELIPPE.jpg\" alt=\"\" class=\"wp-image-5084\" srcset=\"https:\/\/fmsolpeyrano.com\/wp-content\/uploads\/2022\/09\/PAULA-SERFELIPPE.jpg 270w, https:\/\/fmsolpeyrano.com\/wp-content\/uploads\/2022\/09\/PAULA-SERFELIPPE-253x300.jpg 253w\" sizes=\"auto, (max-width: 270px) 100vw, 270px\" \/><\/figure>\n<\/aside><aside id=\"block-11\" class=\"widget widget_block widget_media_image\">\n<figure class=\"wp-block-image size-full\"><img loading=\"lazy\" decoding=\"async\" loading=\"lazy\" width=\"270\" height=\"320\" src=\"https:\/\/fmsolpeyrano.com\/wp-content\/uploads\/2022\/09\/2022_NESTOR_CANTONI_PEYRANO.jpg\" alt=\"\" class=\"wp-image-5153\" srcset=\"https:\/\/fmsolpeyrano.com\/wp-content\/uploads\/2022\/09\/2022_NESTOR_CANTONI_PEYRANO.jpg 270w, https:\/\/fmsolpeyrano.com\/wp-content\/uploads\/2022\/09\/2022_NESTOR_CANTONI_PEYRANO-253x300.jpg 253w\" sizes=\"auto, (max-width: 270px) 100vw, 270px\" \/><\/figure>\n<\/aside><aside id=\"block-13\" class=\"widget widget_block widget_media_image\">\n<figure class=\"wp-block-image size-full\"><img loading=\"lazy\" decoding=\"async\" loading=\"lazy\" width=\"270\" height=\"320\" src=\"https:\/\/fmsolpeyrano.com\/wp-content\/uploads\/2022\/09\/MOLINA.jpg\" alt=\"\" class=\"wp-image-5208\" srcset=\"https:\/\/fmsolpeyrano.com\/wp-content\/uploads\/2022\/09\/MOLINA.jpg 270w, https:\/\/fmsolpeyrano.com\/wp-content\/uploads\/2022\/09\/MOLINA-253x300.jpg 253w\" sizes=\"auto, (max-width: 270px) 100vw, 270px\" \/><\/figure>\n<\/aside><aside id=\"block-526\" class=\"widget widget_block widget_media_image\">\n<figure class=\"wp-block-image size-full\"><img loading=\"lazy\" decoding=\"async\" loading=\"lazy\" width=\"270\" height=\"320\" src=\"https:\/\/fmsolpeyrano.com\/wp-content\/uploads\/2025\/04\/1_-_SANTA_TERESA.jpg\" alt=\"\" class=\"wp-image-19602\" srcset=\"https:\/\/fmsolpeyrano.com\/wp-content\/uploads\/2025\/04\/1_-_SANTA_TERESA.jpg 270w, https:\/\/fmsolpeyrano.com\/wp-content\/uploads\/2025\/04\/1_-_SANTA_TERESA-253x300.jpg 253w\" sizes=\"auto, (max-width: 270px) 100vw, 270px\" \/><\/figure>\n<\/aside><aside id=\"block-402\" class=\"widget widget_block widget_media_image\">\n<figure class=\"wp-block-image size-full\"><img loading=\"lazy\" decoding=\"async\" loading=\"lazy\" width=\"270\" height=\"320\" src=\"https:\/\/fmsolpeyrano.com\/wp-content\/uploads\/2024\/05\/GIACOMINO-1.jpg\" alt=\"\" class=\"wp-image-14454\" srcset=\"https:\/\/fmsolpeyrano.com\/wp-content\/uploads\/2024\/05\/GIACOMINO-1.jpg 270w, https:\/\/fmsolpeyrano.com\/wp-content\/uploads\/2024\/05\/GIACOMINO-1-253x300.jpg 253w\" sizes=\"auto, (max-width: 270px) 100vw, 270px\" \/><\/figure>\n<\/aside><aside id=\"block-417\" class=\"widget widget_block widget_media_image\">\n<figure class=\"wp-block-image size-full\"><img loading=\"lazy\" decoding=\"async\" loading=\"lazy\" width=\"270\" height=\"378\" src=\"https:\/\/fmsolpeyrano.com\/wp-content\/uploads\/2024\/07\/LA_SEGUNDA_1.jpg\" alt=\"\" class=\"wp-image-15271\" srcset=\"https:\/\/fmsolpeyrano.com\/wp-content\/uploads\/2024\/07\/LA_SEGUNDA_1.jpg 270w, https:\/\/fmsolpeyrano.com\/wp-content\/uploads\/2024\/07\/LA_SEGUNDA_1-214x300.jpg 214w\" sizes=\"auto, (max-width: 270px) 100vw, 270px\" \/><\/figure>\n<\/aside><aside id=\"block-564\" class=\"widget widget_block widget_media_image\">\n<figure class=\"wp-block-image size-full\"><img loading=\"lazy\" decoding=\"async\" loading=\"lazy\" width=\"270\" height=\"338\" src=\"https:\/\/fmsolpeyrano.com\/wp-content\/uploads\/2025\/12\/DARIO_SABTOCHI.jpg\" alt=\"\" class=\"wp-image-22220\" srcset=\"https:\/\/fmsolpeyrano.com\/wp-content\/uploads\/2025\/12\/DARIO_SABTOCHI.jpg 270w, https:\/\/fmsolpeyrano.com\/wp-content\/uploads\/2025\/12\/DARIO_SABTOCHI-240x300.jpg 240w\" sizes=\"auto, (max-width: 270px) 100vw, 270px\" \/><\/figure>\n<\/aside><aside id=\"block-20\" class=\"widget widget_block widget_media_image\">\n<figure class=\"wp-block-image size-full\"><img loading=\"lazy\" decoding=\"async\" loading=\"lazy\" width=\"270\" height=\"320\" src=\"https:\/\/fmsolpeyrano.com\/wp-content\/uploads\/2022\/09\/COOP_PEYRANO.jpg\" alt=\"\" class=\"wp-image-5450\" srcset=\"https:\/\/fmsolpeyrano.com\/wp-content\/uploads\/2022\/09\/COOP_PEYRANO.jpg 270w, https:\/\/fmsolpeyrano.com\/wp-content\/uploads\/2022\/09\/COOP_PEYRANO-253x300.jpg 253w\" sizes=\"auto, (max-width: 270px) 100vw, 270px\" \/><\/figure>\n<\/aside><aside id=\"block-364\" class=\"widget widget_block widget_media_image\">\n<figure class=\"wp-block-image size-full\"><img loading=\"lazy\" decoding=\"async\" loading=\"lazy\" width=\"270\" height=\"280\" src=\"https:\/\/fmsolpeyrano.com\/wp-content\/uploads\/2023\/12\/COOP.jpg\" alt=\"\" class=\"wp-image-11592\"\/><\/figure>\n<\/aside><aside id=\"block-528\" class=\"widget widget_block widget_media_image\">\n<figure class=\"wp-block-image size-full\"><img loading=\"lazy\" decoding=\"async\" loading=\"lazy\" width=\"270\" height=\"336\" src=\"https:\/\/fmsolpeyrano.com\/wp-content\/uploads\/2025\/04\/111111111111111111.jpg\" alt=\"\" class=\"wp-image-19749\" srcset=\"https:\/\/fmsolpeyrano.com\/wp-content\/uploads\/2025\/04\/111111111111111111.jpg 270w, https:\/\/fmsolpeyrano.com\/wp-content\/uploads\/2025\/04\/111111111111111111-241x300.jpg 241w\" sizes=\"auto, (max-width: 270px) 100vw, 270px\" \/><\/figure>\n<\/aside><aside id=\"block-457\" class=\"widget widget_block widget_media_image\">\n<figure class=\"wp-block-image size-full\"><img loading=\"lazy\" decoding=\"async\" loading=\"lazy\" width=\"270\" height=\"310\" src=\"https:\/\/fmsolpeyrano.com\/wp-content\/uploads\/2024\/12\/LOPEZ_1.jpg\" alt=\"\" class=\"wp-image-17291\" srcset=\"https:\/\/fmsolpeyrano.com\/wp-content\/uploads\/2024\/12\/LOPEZ_1.jpg 270w, https:\/\/fmsolpeyrano.com\/wp-content\/uploads\/2024\/12\/LOPEZ_1-261x300.jpg 261w\" sizes=\"auto, (max-width: 270px) 100vw, 270px\" \/><\/figure>\n<\/aside><aside id=\"block-345\" class=\"widget widget_block widget_media_image\">\n<figure class=\"wp-block-image size-full\"><img loading=\"lazy\" decoding=\"async\" loading=\"lazy\" width=\"270\" height=\"300\" src=\"https:\/\/fmsolpeyrano.com\/wp-content\/uploads\/2023\/10\/CIKO.jpg\" alt=\"\" class=\"wp-image-10804\"\/><\/figure>\n<\/aside><aside id=\"block-17\" class=\"widget widget_block widget_media_image\">\n<figure class=\"wp-block-image size-full\"><img loading=\"lazy\" decoding=\"async\" loading=\"lazy\" width=\"270\" height=\"151\" src=\"https:\/\/fmsolpeyrano.com\/wp-content\/uploads\/2022\/02\/2022-COOP.-CONESA.jpg\" alt=\"\" class=\"wp-image-1446\"\/><\/figure>\n<\/aside><aside id=\"block-18\" class=\"widget widget_block widget_media_image\">\n<figure class=\"wp-block-image size-full\"><img loading=\"lazy\" decoding=\"async\" loading=\"lazy\" width=\"270\" height=\"151\" src=\"https:\/\/fmsolpeyrano.com\/wp-content\/uploads\/2021\/12\/2010-CLUB-RIVADAVIA-270X151.jpg\" alt=\"\" class=\"wp-image-284\"\/><\/figure>\n<\/aside><aside id=\"block-22\" class=\"widget widget_block widget_media_image\">\n<figure class=\"wp-block-image size-full\"><img loading=\"lazy\" decoding=\"async\" loading=\"lazy\" width=\"270\" height=\"151\" src=\"https:\/\/fmsolpeyrano.com\/wp-content\/uploads\/2021\/12\/2016-DEXTER-CDA.-RICA-260x105-1.gif\" alt=\"\" class=\"wp-image-289\"\/><\/figure>\n<\/aside><aside id=\"block-24\" class=\"widget widget_block widget_media_image\">\n<figure class=\"wp-block-image size-full\"><img loading=\"lazy\" decoding=\"async\" loading=\"lazy\" width=\"270\" height=\"151\" src=\"https:\/\/fmsolpeyrano.com\/wp-content\/uploads\/2021\/12\/ABERTURAS.png\" alt=\"\" class=\"wp-image-291\"\/><\/figure>\n<\/aside><aside id=\"block-27\" class=\"widget widget_block widget_media_image\">\n<figure class=\"wp-block-image size-full\"><img loading=\"lazy\" decoding=\"async\" loading=\"lazy\" width=\"270\" height=\"151\" src=\"https:\/\/fmsolpeyrano.com\/wp-content\/uploads\/2021\/12\/CORREDOR-VIAL-N4-1.png\" alt=\"\" class=\"wp-image-296\"\/><\/figure>\n<\/aside><aside id=\"block-29\" class=\"widget widget_block widget_media_image\">\n<figure class=\"wp-block-image size-full\"><img loading=\"lazy\" decoding=\"async\" loading=\"lazy\" width=\"270\" height=\"151\" src=\"https:\/\/fmsolpeyrano.com\/wp-content\/uploads\/2021\/12\/MUTUAL-DE-HUGHES-1.png\" alt=\"\" class=\"wp-image-298\"\/><\/figure>\n<\/aside><aside id=\"block-34\" class=\"widget widget_block widget_media_image\">\n<figure class=\"wp-block-image size-full\"><a href=\"https:\/\/www.lacapital.com.ar\/\" target=\"_blank\"><img loading=\"lazy\" decoding=\"async\" loading=\"lazy\" width=\"270\" height=\"151\" src=\"https:\/\/fmsolpeyrano.com\/wp-content\/uploads\/2022\/01\/LA-CAPITAL.png\" alt=\"\" class=\"wp-image-343\"\/><\/a><\/figure>\n<\/aside><aside id=\"block-35\" class=\"widget widget_block widget_media_image\">\n<figure class=\"wp-block-image size-full\"><a href=\"http:\/\/www.afascl.com\/\" target=\"_blank\"><img loading=\"lazy\" decoding=\"async\" loading=\"lazy\" width=\"270\" height=\"151\" src=\"https:\/\/fmsolpeyrano.com\/wp-content\/uploads\/2022\/01\/AFA-1.png\" alt=\"\" class=\"wp-image-344\"\/><\/a><\/figure>\n<\/aside><aside id=\"block-49\" class=\"widget widget_block widget_text\">\n<p><\/p>\n<\/aside>\t\t\t\t<\/div>\n\t\t\t\t<\/div>\n\t\t\t\t\t<\/div>\n\t\t<\/div>\n\t\t\t\t\t<\/div>\n\t\t<\/section>\n\t\t\t\t<\/div>\n\t\t","protected":false},"excerpt":{"rendered":"<p>Cobertura FM SOL: Cubre el sur de la Provincia de Santa Fe y norte de la Provincia de Buenos Aires. Llegando a las siguientes localidades En el Sur de la Provincia de Santa FeSanta Teresa &#8211; Pav\u00f3n Arriba &#8211; Acebal &#8211; Carreras &#8211; Alcorta &#8211; M\u00e1ximo Paz &#8211; Sargento Cabral &#8211; La Vanguardia &#8211; Juncal [&hellip;]<\/p>\n","protected":false},"author":1,"featured_media":0,"parent":0,"menu_order":0,"comment_status":"closed","ping_status":"closed","template":"","meta":{"site-sidebar-layout":"no-sidebar","site-content-layout":"page-builder","ast-site-content-layout":"default","site-content-style":"default","site-sidebar-style":"default","ast-global-header-display":"","ast-banner-title-visibility":"","ast-main-header-display":"","ast-hfb-above-header-display":"","ast-hfb-below-header-display":"","ast-hfb-mobile-header-display":"","site-post-title":"disabled","ast-breadcrumbs-content":"","ast-featured-img":"disabled","footer-sml-layout":"","ast-disable-related-posts":"","theme-transparent-header-meta":"","adv-header-id-meta":"","stick-header-meta":"","header-above-stick-meta":"","header-main-stick-meta":"","header-below-stick-meta":"","astra-migrate-meta-layouts":"default","ast-page-background-enabled":"default","ast-page-background-meta":{"desktop":{"background-color":"var(--ast-global-color-4)","background-image":"","background-repeat":"repeat","background-position":"center center","background-size":"auto","background-attachment":"scroll","background-type":"","background-media":"","overlay-type":"","overlay-color":"","overlay-opacity":"","overlay-gradient":""},"tablet":{"background-color":"","background-image":"","background-repeat":"repeat","background-position":"center center","background-size":"auto","background-attachment":"scroll","background-type":"","background-media":"","overlay-type":"","overlay-color":"","overlay-opacity":"","overlay-gradient":""},"mobile":{"background-color":"","background-image":"","background-repeat":"repeat","background-position":"center center","background-size":"auto","background-attachment":"scroll","background-type":"","background-media":"","overlay-type":"","overlay-color":"","overlay-opacity":"","overlay-gradient":""}},"ast-content-background-meta":{"desktop":{"background-color":"var(--ast-global-color-5)","background-image":"","background-repeat":"repeat","background-position":"center center","background-size":"auto","background-attachment":"scroll","background-type":"","background-media":"","overlay-type":"","overlay-color":"","overlay-opacity":"","overlay-gradient":""},"tablet":{"background-color":"var(--ast-global-color-5)","background-image":"","background-repeat":"repeat","background-position":"center center","background-size":"auto","background-attachment":"scroll","background-type":"","background-media":"","overlay-type":"","overlay-color":"","overlay-opacity":"","overlay-gradient":""},"mobile":{"background-color":"var(--ast-global-color-5)","background-image":"","background-repeat":"repeat","background-position":"center center","background-size":"auto","background-attachment":"scroll","background-type":"","background-media":"","overlay-type":"","overlay-color":"","overlay-opacity":"","overlay-gradient":""}},"footnotes":""},"class_list":["post-226","page","type-page","status-publish","hentry"],"_links":{"self":[{"href":"https:\/\/fmsolpeyrano.com\/index.php\/wp-json\/wp\/v2\/pages\/226","targetHints":{"allow":["GET"]}}],"collection":[{"href":"https:\/\/fmsolpeyrano.com\/index.php\/wp-json\/wp\/v2\/pages"}],"about":[{"href":"https:\/\/fmsolpeyrano.com\/index.php\/wp-json\/wp\/v2\/types\/page"}],"author":[{"embeddable":true,"href":"https:\/\/fmsolpeyrano.com\/index.php\/wp-json\/wp\/v2\/users\/1"}],"replies":[{"embeddable":true,"href":"https:\/\/fmsolpeyrano.com\/index.php\/wp-json\/wp\/v2\/comments?post=226"}],"version-history":[{"count":47,"href":"https:\/\/fmsolpeyrano.com\/index.php\/wp-json\/wp\/v2\/pages\/226\/revisions"}],"predecessor-version":[{"id":813,"href":"https:\/\/fmsolpeyrano.com\/index.php\/wp-json\/wp\/v2\/pages\/226\/revisions\/813"}],"wp:attachment":[{"href":"https:\/\/fmsolpeyrano.com\/index.php\/wp-json\/wp\/v2\/media?parent=226"}],"curies":[{"name":"wp","href":"https:\/\/api.w.org\/{rel}","templated":true}]}}